    {"id":29193,"date":"2023-07-12T08:26:36","date_gmt":"2023-07-12T06:26:36","guid":{"rendered":"https:\/\/vy4wsbavip.preview.infomaniak.website\/wer-wir-sind\/"},"modified":"2024-04-24T14:10:52","modified_gmt":"2024-04-24T12:10:52","slug":"wer-wir-sind","status":"publish","type":"page","link":"https:\/\/cogefim.ch\/de\/wer-wir-sind\/","title":{"rendered":"\u00dcber uns"},"content":{"rendered":"\t\t<div data-elementor-type=\"wp-page\" data-elementor-id=\"29193\" class=\"elementor elementor-29193 elementor-29034\" data-elementor-post-type=\"page\">\n\t\t\t\t\t\t<section class=\"elementor-section elementor-top-section elementor-element elementor-element-7a0f7334 elementor-section-boxed elementor-section-height-default elementor-section-height-default\" data-id=\"7a0f7334\" data-element_type=\"section\" data-settings=\"{&quot;background_background&quot;:&quot;classic&quot;}\">\n\t\t\t\t\t\t\t<div class=\"elementor-background-overlay\"><\/div>\n\t\t\t\t\t\t\t<div class=\"elementor-container elementor-column-gap-default\">\n\t\t\t\t\t<div class=\"elementor-column elementor-col-100 elementor-top-column elementor-element elementor-element-62bbb555\" data-id=\"62bbb555\" data-element_type=\"column\">\n\t\t\t<div class=\"elementor-widget-wrap elementor-element-populated\">\n\t\t\t\t\t\t\t<\/div>\n\t\t<\/div>\n\t\t\t\t\t<\/div>\n\t\t<\/section>\n\t\t\t\t<section class=\"elementor-section elementor-top-section elementor-element elementor-element-41ce4fcc elementor-reverse-tablet elementor-reverse-mobile elementor-section-boxed elementor-section-height-default elementor-section-height-default\" data-id=\"41ce4fcc\" data-element_type=\"section\">\n\t\t\t\t\t\t<div class=\"elementor-container elementor-column-gap-default\">\n\t\t\t\t\t<div class=\"elementor-column elementor-col-50 elementor-top-column elementor-element elementor-element-2c4b5da1\" data-id=\"2c4b5da1\" data-element_type=\"column\">\n\t\t\t<div class=\"elementor-widget-wrap elementor-element-populated\">\n\t\t\t\t\t\t<section class=\"elementor-section elementor-inner-section elementor-element elementor-element-5340d9ee elementor-section-boxed elementor-section-height-default elementor-section-height-default\" data-id=\"5340d9ee\" data-element_type=\"section\">\n\t\t\t\t\t\t<div class=\"elementor-container elementor-column-gap-default\">\n\t\t\t\t\t<div class=\"elementor-column elementor-col-50 elementor-inner-column elementor-element elementor-element-2fba093a\" data-id=\"2fba093a\" data-element_type=\"column\">\n\t\t\t<div class=\"elementor-widget-wrap elementor-element-populated\">\n\t\t\t\t\t\t<div class=\"elementor-element elementor-element-eda0acc elementor-widget elementor-widget-image\" data-id=\"eda0acc\" data-element_type=\"widget\" data-widget_type=\"image.default\">\n\t\t\t\t<div class=\"elementor-widget-container\">\n\t\t\t\t\t\t\t\t\t\t\t\t\t\t\t<img decoding=\"async\" src=\"https:\/\/cogefim.ch\/wp-content\/uploads\/elementor\/thumbs\/property-or-real-estate-concept-q9ajno2j3olfrlib01wdlkoqqwxeo8b9mcas9dbmo8.jpg\" title=\"Property or Real Estate Concept\" alt=\"Property or Real Estate Concept\" loading=\"lazy\" \/>\t\t\t\t\t\t\t\t\t\t\t\t\t\t\t<\/div>\n\t\t\t\t<\/div>\n\t\t\t\t<div class=\"elementor-element elementor-element-24053b72 elementor-invisible elementor-widget elementor-widget-image\" data-id=\"24053b72\" data-element_type=\"widget\" data-settings=\"{&quot;_animation&quot;:&quot;zoomIn&quot;,&quot;_animation_delay&quot;:400}\" data-widget_type=\"image.default\">\n\t\t\t\t<div class=\"elementor-widget-container\">\n\t\t\t\t\t\t\t\t\t\t\t\t\t\t\t<img decoding=\"async\" src=\"https:\/\/cogefim.ch\/wp-content\/uploads\/elementor\/thumbs\/woman-accountant-working-on-the-desk-q7yfg8f9nm0qhi84pr92fu8beaut7cw77la5tkr8ts.jpg\" title=\"woman-accountant-working-on-the-desk.jpg\" alt=\"woman-accountant-working-on-the-desk.jpg\" loading=\"lazy\" \/>\t\t\t\t\t\t\t\t\t\t\t\t\t\t\t<\/div>\n\t\t\t\t<\/div>\n\t\t\t\t\t<\/div>\n\t\t<\/div>\n\t\t\t\t<div class=\"elementor-column elementor-col-50 elementor-inner-column elementor-element elementor-element-1f233358 elementor-invisible\" data-id=\"1f233358\" data-element_type=\"column\" data-settings=\"{&quot;background_background&quot;:&quot;classic&quot;,&quot;animation&quot;:&quot;zoomIn&quot;}\">\n\t\t\t<div class=\"elementor-widget-wrap elementor-element-populated\">\n\t\t\t\t\t\t<div class=\"elementor-element elementor-element-3a758963 elementor-widget elementor-widget-spacer\" data-id=\"3a758963\" data-element_type=\"widget\" data-widget_type=\"spacer.default\">\n\t\t\t\t<div class=\"elementor-widget-container\">\n\t\t\t\t\t\t\t<div class=\"elementor-spacer\">\n\t\t\t<div class=\"elementor-spacer-inner\"><\/div>\n\t\t<\/div>\n\t\t\t\t\t\t<\/div>\n\t\t\t\t<\/div>\n\t\t\t\t\t<\/div>\n\t\t<\/div>\n\t\t\t\t\t<\/div>\n\t\t<\/section>\n\t\t\t\t\t<\/div>\n\t\t<\/div>\n\t\t\t\t<div class=\"elementor-column elementor-col-50 elementor-top-column elementor-element elementor-element-5efb54f1\" data-id=\"5efb54f1\" data-element_type=\"column\">\n\t\t\t<div class=\"elementor-widget-wrap elementor-element-populated\">\n\t\t\t\t\t\t<div class=\"elementor-element elementor-element-65c401b3 elementor-widget-divider--view-line_text elementor-widget-divider--element-align-right elementor-invisible elementor-widget elementor-widget-divider\" data-id=\"65c401b3\" data-element_type=\"widget\" data-settings=\"{&quot;_animation&quot;:&quot;fadeInUp&quot;}\" data-widget_type=\"divider.default\">\n\t\t\t\t<div class=\"elementor-widget-container\">\n\t\t\t\t\t\t\t<div class=\"elementor-divider\">\n\t\t\t<span class=\"elementor-divider-separator\">\n\t\t\t\t\t\t\t<span class=\"elementor-divider__text elementor-divider__element\">\n\t\t\t\t\u00dcber uns\t\t\t\t<\/span>\n\t\t\t\t\t\t<\/span>\n\t\t<\/div>\n\t\t\t\t\t\t<\/div>\n\t\t\t\t<\/div>\n\t\t\t\t<div class=\"elementor-element elementor-element-4a6dca38 elementor-invisible elementor-widget elementor-widget-heading\" data-id=\"4a6dca38\" data-element_type=\"widget\" data-settings=\"{&quot;_animation&quot;:&quot;fadeInUp&quot;,&quot;_animation_delay&quot;:200}\" data-widget_type=\"heading.default\">\n\t\t\t\t<div class=\"elementor-widget-container\">\n\t\t\t\t\t<h2 class=\"elementor-heading-title elementor-size-default\">Buchhaltung und Immobilienverwaltung\n<\/h2>\t\t\t\t<\/div>\n\t\t\t\t<\/div>\n\t\t\t\t<div class=\"elementor-element elementor-element-106daa08 elementor-widget elementor-widget-text-editor\" data-id=\"106daa08\" data-element_type=\"widget\" data-widget_type=\"text-editor.default\">\n\t\t\t\t<div class=\"elementor-widget-container\">\n\t\t\t\t\t\t\t\t\t<p>Willkommen in der Welt von Cogefim SA, einem f\u00fchrenden Unternehmen im Bereich der Unternehmensbuchhaltung und Immobilienverwaltung. Wir sind hier, um Ihnen professionelle Dienstleistungen und ma\u00dfgeschneiderte L\u00f6sungen anzubieten, die Ihr Gesch\u00e4fts- und Immobilienleben vereinfachen.<\/p>\n<p>Seit Jahren engagieren wir uns f\u00fcr die Erbringung hochwertiger Buchhaltungsdienstleistungen f\u00fcr Unternehmen aller Gr\u00f6\u00dfen und Branchen. Wir wissen, wie wichtig ein genaues und transparentes Finanzmanagement ist, und wir stehen Ihnen zur Seite, um sicherzustellen, dass Ihre Finanzen in Ordnung sind. Unser Team aus erfahrenen Buchhaltern ist hoch qualifiziert und h\u00e4lt sich \u00fcber die neuesten Steuer- und Rechnungslegungsvorschriften auf dem Laufenden, um Ihnen professionelle Beratung und Dienstleistungen zu bieten, auf die Sie sich verlassen k\u00f6nnen.<\/p>\n<p>Aber wir beschr\u00e4nken uns nicht auf die Unternehmensbuchhaltung. Wir von Cogefim SA wissen, wie wichtig eine effiziente Immobilienverwaltung ist. Ganz gleich, ob Sie Eigent\u00fcmer von Gewerbe- oder Wohnimmobilien sind, wir helfen Ihnen, den Wert Ihrer Immobilieninvestitionen zu maximieren. Wir verwalten alle Aktivit\u00e4ten im Zusammenhang mit Ihrer Immobilie, einschlie\u00dflich Vermietung, Instandhaltung, rechtliche Dokumentation und vieles mehr. Unser Fachwissen und unsere Liebe zum Detail erm\u00f6glichen es Ihnen, die Vorteile einer sorgenfreien Immobilieninvestition zu genie\u00dfen.<\/p>\n\t\t\t\t\t\t\t\t<\/div>\n\t\t\t\t<\/div>\n\t\t\t\t\t<\/div>\n\t\t<\/div>\n\t\t\t\t\t<\/div>\n\t\t<\/section>\n\t\t\t\t<\/div>\n\t\t","protected":false},"excerpt":{"rendered":"<p>\u00dcber uns Buchhaltung und Immobilienverwaltung Willkommen in der Welt von Cogefim SA, einem f\u00fchrenden Unternehmen im Bereich der Unternehmensbuchhaltung und Immobilienverwaltung. Wir sind hier, um Ihnen professionelle Dienstleistungen und ma\u00dfgeschneiderte L\u00f6sungen anzubieten, die Ihr Gesch\u00e4fts- und Immobilienleben vereinfachen. Seit Jahren engagieren wir uns f\u00fcr die Erbringung hochwertiger Buchhaltungsdienstleistungen f\u00fcr Unternehmen aller Gr\u00f6\u00dfen und Branchen. Wir [&hellip;]<\/p>\n","protected":false},"author":1,"featured_media":0,"parent":0,"menu_order":0,"comment_status":"closed","ping_status":"closed","template":"elementor_header_footer","meta":{"_acf_changed":false,"_seopress_robots_primary_cat":"","_seopress_titles_title":"","_seopress_titles_desc":"","_seopress_robots_index":"","footnotes":""},"class_list":["post-29193","page","type-page","status-publish","hentry"],"acf":[],"_links":{"self":[{"href":"https:\/\/cogefim.ch\/de\/wp-json\/wp\/v2\/pages\/29193","targetHints":{"allow":["GET"]}}],"collection":[{"href":"https:\/\/cogefim.ch\/de\/wp-json\/wp\/v2\/pages"}],"about":[{"href":"https:\/\/cogefim.ch\/de\/wp-json\/wp\/v2\/types\/page"}],"author":[{"embeddable":true,"href":"https:\/\/cogefim.ch\/de\/wp-json\/wp\/v2\/users\/1"}],"replies":[{"embeddable":true,"href":"https:\/\/cogefim.ch\/de\/wp-json\/wp\/v2\/comments?post=29193"}],"version-history":[{"count":4,"href":"https:\/\/cogefim.ch\/de\/wp-json\/wp\/v2\/pages\/29193\/revisions"}],"predecessor-version":[{"id":29829,"href":"https:\/\/cogefim.ch\/de\/wp-json\/wp\/v2\/pages\/29193\/revisions\/29829"}],"wp:attachment":[{"href":"https:\/\/cogefim.ch\/de\/wp-json\/wp\/v2\/media?parent=29193"}],"curies":[{"name":"wp","href":"https:\/\/api.w.org\/{rel}","templated":true}]}}